{"id":75,"date":"2014-04-16T16:05:06","date_gmt":"2014-04-16T16:05:06","guid":{"rendered":"http:\/\/thaiguashavalladolid.com\/?page_id=75"},"modified":"2014-04-16T16:05:06","modified_gmt":"2014-04-16T16:05:06","slug":"guasha-facial","status":"publish","type":"page","link":"https:\/\/thaiguashavalladolid.com\/index.php\/guasha-facial\/","title":{"rendered":"Guasha facial"},"content":{"rendered":"<p>El <strong>guasha facial<\/strong> es ligeramente distino al guasha corporal.<\/p>\n<p style=\"text-align: left;\"><img loading=\"lazy\" decoding=\"async\" class=\"size-full wp-image-322 alignleft\" src=\"http:\/\/thaiguashavalladolid.com\/wp-content\/uploads\/2014\/04\/Image6-1.jpg\" alt=\"Guasha facial\" width=\"246\" height=\"262\" \/>En primer lugar, la presi\u00f3n que se ejerce sobre la piel es m\u00e1s suave, m\u00e1s delicada. La piel del rostro es m\u00e1s delgada y delicada que en el resto del cuerpo y no es necesario ejercer mucha fuerza. La sesi\u00f3n de guasha acaba convirtiendose en un masaje vigorizante y relajante.<\/p>\n<p>En segundo lugar, en la cara no se busca la aparici\u00f3n del sha, de las toxinas. En general no se quiere tener una cara roja (aunque sea s\u00f3lo por un par de d\u00edas).<\/p>\n<p>Los instrumentos empleados para el guasha facial suelen ser de jade en lugar de cuerno de b\u00fafalo<\/p>\n<p style=\"text-align: left;\">Los beneficios que el <strong>guasha facial<\/strong> te ofrece son:<\/p>\n<ul>\n<li><span id=\"result_box\" lang=\"es\"><span title=\"Reduces wrinkles, lines, folds, pigmentation, age spots, premature aging skin, acne, rosacea&lt;br \/&gt;&lt;br \/&gt;&lt;br \/&gt;&lt;br \/&gt;&lt;br \/&gt;&lt;br \/&gt;&lt;br \/&gt;\n\">Reduce las arrugas y pliegues, mitiga las manchas de la piel y la exfolia. <\/span><\/span><\/li>\n<li><span id=\"result_box\" lang=\"es\"><span title=\"\u2022 Promotes collagen production,&lt;br \/&gt;&lt;br \/&gt;&lt;br \/&gt;&lt;br \/&gt;&lt;br \/&gt;&lt;br \/&gt;&lt;br \/&gt;\n\">Promueve la producci\u00f3n de col\u00e1geno <\/span><\/span><\/li>\n<li><span id=\"result_box\" lang=\"es\"><span title=\"\u2022 Accelerates skin rejuventation&lt;br \/&gt;&lt;br \/&gt;&lt;br \/&gt;&lt;br \/&gt;&lt;br \/&gt;&lt;br \/&gt;&lt;br \/&gt;\n\">Aumenta la firmeza de la piel<\/span><\/span><\/li>\n<li><span id=\"result_box\" lang=\"es\"><span title=\"\u2022 Activates Qi and promotes blood circulation;\">Activa la circulaci\u00f3n de la sangre<\/span><\/span><\/li>\n<li><span id=\"result_box\" lang=\"es\"><span title=\"\u2022 Helps eliminate toxins and increases the metabolism&lt;br \/&gt;&lt;br \/&gt;&lt;br \/&gt;&lt;br \/&gt;&lt;br \/&gt;&lt;br \/&gt;&lt;br \/&gt;\n\">Ayuda a eliminar las toxinas y aumenta el metabolismo<\/span><\/span><\/li>\n<li><span id=\"result_box\" lang=\"es\"><span title=\"\u2022 Strengthens immunological functions&lt;br \/&gt;&lt;br \/&gt;&lt;br \/&gt;&lt;br \/&gt;&lt;br \/&gt;&lt;br \/&gt;\n&lt;p&gt;\">\u00a0Fortalece las funciones inmunol\u00f3gicas<\/span><\/span><span id=\"result_box\" lang=\"es\"><\/span><\/li>\n<\/ul>\n<p><span id=\"result_box\" lang=\"es\"><span title=\"To get the most out of Gua Sha therapy, drink warm water after the treatment and stay hydrated throughout the day.&lt;\/p&gt;&lt;br \/&gt;&lt;br \/&gt;&lt;br \/&gt;&lt;br \/&gt;\n&lt;p&gt;\">Para obtener el m\u00e1ximo provecho de la terapia guasha, es conveniente beber agua tibia despu\u00e9s de que el tratamiento y mantenerse hidratado durante todo el d\u00eda .<\/span><\/span><\/p>\n<p><span id=\"result_box\" lang=\"es\"><span title=\"To get the most out of Gua Sha therapy, drink warm water after the treatment and stay hydrated throughout the day.&lt;\/p&gt;&lt;br \/&gt;&lt;br \/&gt;&lt;br \/&gt;&lt;br \/&gt;\n&lt;p&gt;\"><br \/>\n<\/span><\/span>El guasha facial <span id=\"result_box\" lang=\"es\"><span title=\"This holistic beauty therapy can balance, restore and rejuvenate your skin condition without the use of chemical acids, microdermabrasion, Botox drug injection or painful cosmetic surgery.\">sirve para equilibrar, restaurar y rejuvenecer la piel sin el uso de productos qu\u00edmicos, ni microdermoabrasi\u00f3n, ni inyecci\u00f3n de productos qu\u00edmicos o de cirug\u00eda cosm\u00e9tica m\u00e1s o menos dolorosa.\u00a0\u00a0<\/span><\/span><\/p>\n<p><span id=\"result_box\" lang=\"es\"><span title=\"To get the most out of Gua Sha therapy, drink warm water after the treatment and stay hydrated throughout the day.&lt;\/p&gt;&lt;br \/&gt;&lt;br \/&gt;&lt;br \/&gt;&lt;br \/&gt;\n&lt;p&gt;\"><img loading=\"lazy\" decoding=\"async\" class=\"alignnone wp-image-138 size-medium\" src=\"http:\/\/thaiguashavalladolid.com\/wp-content\/uploads\/2014\/04\/guasa_manual-1-224x300.jpg\" alt=\"guasa facial\" width=\"224\" height=\"300\" \/><\/span><\/span><\/p>\n","protected":false},"excerpt":{"rendered":"<p>El guasha facial es ligeramente distino al guasha corporal. En primer lugar, la presi\u00f3n que se ejerce sobre la piel es m\u00e1s suave, m\u00e1s delicada. La piel del rostro es m\u00e1s delgada y delicada que en el resto del cuerpo y no es necesario ejercer mucha fuerza. La sesi\u00f3n de guasha acaba convirtiendose en un &hellip; <a href=\"https:\/\/thaiguashavalladolid.com\/index.php\/guasha-facial\/\" class=\"more-link\">Continuar leyendo<span class=\"screen-reader-text\"> \u00abGuasha facial\u00bb<\/span><\/a><\/p>\n","protected":false},"author":2,"featured_media":0,"parent":0,"menu_order":0,"comment_status":"open","ping_status":"open","template":"","meta":{"footnotes":""},"class_list":["post-75","page","type-page","status-publish","hentry"],"_links":{"self":[{"href":"https:\/\/thaiguashavalladolid.com\/index.php\/wp-json\/wp\/v2\/pages\/75","targetHints":{"allow":["GET"]}}],"collection":[{"href":"https:\/\/thaiguashavalladolid.com\/index.php\/wp-json\/wp\/v2\/pages"}],"about":[{"href":"https:\/\/thaiguashavalladolid.com\/index.php\/wp-json\/wp\/v2\/types\/page"}],"author":[{"embeddable":true,"href":"https:\/\/thaiguashavalladolid.com\/index.php\/wp-json\/wp\/v2\/users\/2"}],"replies":[{"embeddable":true,"href":"https:\/\/thaiguashavalladolid.com\/index.php\/wp-json\/wp\/v2\/comments?post=75"}],"version-history":[{"count":0,"href":"https:\/\/thaiguashavalladolid.com\/index.php\/wp-json\/wp\/v2\/pages\/75\/revisions"}],"wp:attachment":[{"href":"https:\/\/thaiguashavalladolid.com\/index.php\/wp-json\/wp\/v2\/media?parent=75"}],"curies":[{"name":"wp","href":"https:\/\/api.w.org\/{rel}","templated":true}]}}