{"id":50,"date":"2014-04-16T15:19:21","date_gmt":"2014-04-16T15:19:21","guid":{"rendered":"http:\/\/thaiguashavalladolid.com\/?page_id=50"},"modified":"2023-03-20T18:59:54","modified_gmt":"2023-03-20T18:59:54","slug":"guasha-una-tecnica-milenaria-que-ayuda-a-vivir-mejor","status":"publish","type":"page","link":"https:\/\/thaiguashavalladolid.com\/index.php\/guasha-una-tecnica-milenaria-que-ayuda-a-vivir-mejor\/","title":{"rendered":"Masaje y desintoxicaci\u00f3n"},"content":{"rendered":"<p>Nuestro cuerpo va acumulando toxinas a lo largo de nuestra vida por m\u00faltiple causas: nuestra alimentaci\u00f3n, nervios, malas posiciones, problemas musculares, etc..<br \/>\nPor ejemplo, cuando un m\u00fasculo est\u00e1 rigido, la sangre no circula correctamente y los gl\u00f3bulos rojos y otros restos se acumulan evitando el correcto funcionamiento de nuestro cuerpo.<\/p>\n<p>Guasha es una tecnica de masaje que se inici\u00f3 hace miles de a\u00f1os en china y que permite \u00abdesintoxicarnos\u00bb, eliminar los desechos que se acumulan en nuestro cuerpo.<br \/>\nEn china y otros paises ai\u00e1ticos, este tipo de masaje es muy conocido y se practica incluso en los hospitales.<\/p>\n<p>La t\u00e9cnica es sencilla, se frota (\u00abgua\u00bb en chino) el m\u00fasculo con un intrumento de cer\u00e1mica, de cuerno, de jade u otros materiales, haciendo que las toxinas salgan a la superficie en forma de una mancha roja, m\u00e1s o menos oscura, en funci\u00f3n del volumen de toxinas eliminadas. Esta mancha oscura es el \u00absha\u00bb. De ahi su nombre gua (frotar) y sha (sangre enferma, mal).<\/p>\n<p><img loading=\"lazy\" decoding=\"async\" class=\"alignnone size-medium wp-image-368\" src=\"http:\/\/thaiguashavalladolid.com\/wp-content\/uploads\/2023\/03\/DSCN3444-300x191.jpg\" alt=\"\" width=\"300\" height=\"191\" srcset=\"https:\/\/thaiguashavalladolid.com\/wp-content\/uploads\/2023\/03\/DSCN3444-300x191.jpg 300w, https:\/\/thaiguashavalladolid.com\/wp-content\/uploads\/2023\/03\/DSCN3444-768x489.jpg 768w, https:\/\/thaiguashavalladolid.com\/wp-content\/uploads\/2023\/03\/DSCN3444.jpg 1000w\" sizes=\"auto, (max-width: 300px) 85vw, 300px\" \/><\/p>\n<p>Se usa para un gran n\u00famero de problemas y pr\u00e1cticamente no tiene contraindiciaciones.<\/p>\n<div class=\"caja-info\">El efecto es inmediato. Te sentir\u00e1s mejor en el momento<\/div>\n<h2><span style=\"color: #800000;\"><strong>Principales beneficios del\u00a0 GUASHA<\/strong><\/span><\/h2>\n<ul>\n<li>Elimina las toxinas de la sangre a trav\u00e9s de la piel<\/li>\n<li>Limpia la sangre reactivando la producci\u00f3n de globulos rojos<\/li>\n<li>Alivia dolores de espalda, cuello, lumbares, etc.<\/li>\n<li>Mejora la circulaci\u00f3n de la sangre y ayuda a<\/li>\n<li>Alivia migra\u00f1as y dolores de cabeza<\/li>\n<li>Ayuda a respirar mejor<\/li>\n<li>Incrementa la eficiencia del sistema inmunol\u00f3gico<\/li>\n<li>Exfolia la piel manteni\u00e9ndola limpia y sana (existe una variante de guasha facial)<\/li>\n<li>Ayuda a diagnosticar enfermedades<\/li>\n<\/ul>\n<h2><span style=\"color: #800000;\"><strong>\u00bfQu\u00e9 males puede tratar el guasha?<\/strong><\/span><\/h2>\n<ul>\n<li><a title=\"Dolor de cuello y hombros\" href=\"http:\/\/thaiguashavalladolid.com\/dolor-de-cuello-y-hombros\/\">Dolores musculares.<\/a><\/li>\n<li><a title=\"Dolor de espalda\" href=\"http:\/\/thaiguashavalladolid.com\/dolor-de-espalda\/\">Dolor de espalda\u00a0 (cr\u00f3nico o no).<\/a><\/li>\n<li>Dolor en las articulaciones.<\/li>\n<li><a title=\"Migra\u00f1as\" href=\"http:\/\/thaiguashavalladolid.com\/migranas\/\">Migra\u00f1as.<\/a><\/li>\n<li>Ci\u00e1tica.<\/li>\n<li>Lumbalgia.<\/li>\n<li>Alergias. (sesi\u00f3n de 2 horas)<\/li>\n<li>Asma. (sesi\u00f3n de 2 horas)<\/li>\n<li><a title=\"Dejar de roncar\" href=\"http:\/\/thaiguashavalladolid.com\/ronquidos\/\">Ronquidos<\/a>.\u00a0 (sesi\u00f3n de 2 horas)<\/li>\n<li>Fatiga cr\u00f3nica.<\/li>\n<li>Fibromialgia.<\/li>\n<li>Celulitis.<\/li>\n<li><a title=\"Guasha Facial\" href=\"http:\/\/thaiguashavalladolid.com\/guasha-facial\/\">Rejuvenecimiento facial.<\/a><\/li>\n<\/ul>\n<div class=\"caja-info\">\n<p>El tiempo de cada sesi\u00f3n depende del problema a tratar y de la zona afectada. Por ejemplo, para tratar los hombros puede ser suficiente una hora pero para toda la espalda pueden necesitarse 2 horas.<\/p>\n<p>En funci\u00f3n del problema, pueden ser necesarias varias sesiones.\u00a0 Al principio 1 sesi\u00f3n\u00a0 a la semana y cuando la mejor\u00eda sea clara,\u00a0 cada dos semanas.<\/p>\n<p>Despu\u00e9s de cada sesi\u00f3n ver\u00e1s que cada vez tu piel est\u00e1 menos roja. Esto indica que en tu cuerpo cada vez tiene menos toxinas y tu te sentir\u00e1s mejor.<\/p>\n<\/div>\n<h2><span style=\"color: #800000;\"><strong>Instrumentos que se utilizan<\/strong><\/span><\/h2>\n<p>Para una sesi\u00f3n de guasha se necesita un instrumento para frotar y un aceite vegetal para que el instrumento se deslice suavemente sobre la piel. Como instrumento de frotaci\u00f3n se suele utilizar una pieza de cuerno de b\u00fafalo o, para guasha facial, jade.<\/p>\n<p><img loading=\"lazy\" decoding=\"async\" class=\"alignnone size-medium wp-image-380\" src=\"http:\/\/thaiguashavalladolid.com\/wp-content\/uploads\/2023\/03\/instrumentos_guasha_2_pq-300x149.jpg\" alt=\"\" width=\"300\" height=\"149\" srcset=\"https:\/\/thaiguashavalladolid.com\/wp-content\/uploads\/2023\/03\/instrumentos_guasha_2_pq-300x149.jpg 300w, https:\/\/thaiguashavalladolid.com\/wp-content\/uploads\/2023\/03\/instrumentos_guasha_2_pq-768x381.jpg 768w, https:\/\/thaiguashavalladolid.com\/wp-content\/uploads\/2023\/03\/instrumentos_guasha_2_pq.jpg 795w\" sizes=\"auto, (max-width: 300px) 85vw, 300px\" \/><\/p>\n<h2><span style=\"color: #800000;\"><strong>Vistosidad del tratamiento<\/strong><\/span><\/h2>\n<p>Tras una sesi\u00f3n de guasha, algunas areas de la piel puede aparecer de un color rojo intenso, el sha. Estas son las toxinas que salen desde los capilares y son eliminadas del cuerpo. A pesar de la apariencia, no es doloroso y la piel roja recupera su tono normal en 2 &#8211; 5 d\u00edas dependiendo de cada persona y de las toxinas eliminadas.<\/p>\n<p><img loading=\"lazy\" decoding=\"async\" class=\"alignnone size-medium wp-image-374\" src=\"http:\/\/thaiguashavalladolid.com\/wp-content\/uploads\/2023\/03\/guasha-1-300x94.jpg\" alt=\"\" width=\"300\" height=\"94\" srcset=\"https:\/\/thaiguashavalladolid.com\/wp-content\/uploads\/2023\/03\/guasha-1-300x94.jpg 300w, https:\/\/thaiguashavalladolid.com\/wp-content\/uploads\/2023\/03\/guasha-1-1024x323.jpg 1024w, https:\/\/thaiguashavalladolid.com\/wp-content\/uploads\/2023\/03\/guasha-1-768x242.jpg 768w, https:\/\/thaiguashavalladolid.com\/wp-content\/uploads\/2023\/03\/guasha-1-1536x484.jpg 1536w, https:\/\/thaiguashavalladolid.com\/wp-content\/uploads\/2023\/03\/guasha-1-2048x645.jpg 2048w, https:\/\/thaiguashavalladolid.com\/wp-content\/uploads\/2023\/03\/guasha-1-1200x378.jpg 1200w\" sizes=\"auto, (max-width: 300px) 85vw, 300px\" \/><\/p>\n<p>El color indica las zonas con problemas. Las zonas blancas o rosadas no presenta problemas. Cuanto m\u00e1s oscuro el color, m\u00e1s da\u00f1ada la zona.<\/p>\n","protected":false},"excerpt":{"rendered":"<p>Nuestro cuerpo va acumulando toxinas a lo largo de nuestra vida por m\u00faltiple causas: nuestra alimentaci\u00f3n, nervios, malas posiciones, problemas musculares, etc.. Por ejemplo, cuando un m\u00fasculo est\u00e1 rigido, la sangre no circula correctamente y los gl\u00f3bulos rojos y otros restos se acumulan evitando el correcto funcionamiento de nuestro cuerpo. Guasha es una tecnica de &hellip; <a href=\"https:\/\/thaiguashavalladolid.com\/index.php\/guasha-una-tecnica-milenaria-que-ayuda-a-vivir-mejor\/\" class=\"more-link\">Continuar leyendo<span class=\"screen-reader-text\"> \u00abMasaje y desintoxicaci\u00f3n\u00bb<\/span><\/a><\/p>\n","protected":false},"author":2,"featured_media":0,"parent":0,"menu_order":0,"comment_status":"open","ping_status":"open","template":"","meta":{"footnotes":""},"class_list":["post-50","page","type-page","status-publish","hentry"],"_links":{"self":[{"href":"https:\/\/thaiguashavalladolid.com\/index.php\/wp-json\/wp\/v2\/pages\/50","targetHints":{"allow":["GET"]}}],"collection":[{"href":"https:\/\/thaiguashavalladolid.com\/index.php\/wp-json\/wp\/v2\/pages"}],"about":[{"href":"https:\/\/thaiguashavalladolid.com\/index.php\/wp-json\/wp\/v2\/types\/page"}],"author":[{"embeddable":true,"href":"https:\/\/thaiguashavalladolid.com\/index.php\/wp-json\/wp\/v2\/users\/2"}],"replies":[{"embeddable":true,"href":"https:\/\/thaiguashavalladolid.com\/index.php\/wp-json\/wp\/v2\/comments?post=50"}],"version-history":[{"count":2,"href":"https:\/\/thaiguashavalladolid.com\/index.php\/wp-json\/wp\/v2\/pages\/50\/revisions"}],"predecessor-version":[{"id":396,"href":"https:\/\/thaiguashavalladolid.com\/index.php\/wp-json\/wp\/v2\/pages\/50\/revisions\/396"}],"wp:attachment":[{"href":"https:\/\/thaiguashavalladolid.com\/index.php\/wp-json\/wp\/v2\/media?parent=50"}],"curies":[{"name":"wp","href":"https:\/\/api.w.org\/{rel}","templated":true}]}}