{"id":23,"date":"2014-04-09T18:35:05","date_gmt":"2014-04-09T18:35:05","guid":{"rendered":"http:\/\/thaiguashavalladolid.com\/?page_id=23"},"modified":"2014-04-09T18:35:05","modified_gmt":"2014-04-09T18:35:05","slug":"gua-sha-una-tecnica-con-miles-de-anos-de-historia","status":"publish","type":"page","link":"https:\/\/thaiguashavalladolid.com\/","title":{"rendered":"Gua sha: miles de a\u00f1os de tradici\u00f3n"},"content":{"rendered":"<p><a title=\"Gua sha\" href=\"http:\/\/en.wikipedia.org\/wiki\/Gua_Sha\" target=\"_blank\" rel=\"noopener noreferrer\">Gua sha<\/a> es una t\u00e9cnica milenaria, extendida por varios pa\u00edses asi\u00e1ticos, y m\u00e1s recientemente, por todo el mundo, que consiste en frotar la piel con un instrumento suave (de cuerno de b\u00fafalo, jade, incluso una cuchara para sopa) para hacer que las toxinas salgan del cuerpo mejorando la salud general.<\/p>\n<p>Esta es la explicaci\u00f3n simple y abreviada de gua sha\u00a0 (gua-sha,\u00a0 guasa, guasha, goa, y otros muchos nombres).<br \/>\n<em><strong>Gua<\/strong><\/em> significa frotar y <em><strong>sha<\/strong><\/em> se suele traducir como sangre enferma, sin embargo, en el lenguaje chino, sha significa obstrucci\u00f3n de la energ\u00eda, problema.<\/p>\n<p>La t\u00e9cnica del gua sha es muy sencilla: se frota la piel con el instrumento apropiado y, en los puntos en los que hay problemas aparecer\u00e1 el sha, unas manchas de color\u00a0 rojo oscuro que indican la presencia de obstrucciones energ\u00e9ticas. Donde no hay problemas la piel solo presentar\u00e1 un tono rosado o blanco.<\/p>\n<p>Es una t\u00e9cnica un tanto \u201cescandalosa\u201d por los colores que puede presentar la piel y no es especialmente ni placentera ni dolorosa (puede ser un poco molesta en las zonas da\u00f1adas). Sin embargo, las manchas desaparecen entre 2 y 4 d\u00edas despues de las sesi\u00f3n de gua sha y no dejan rastro.<\/p>\n<p><img loading=\"lazy\" decoding=\"async\" class=\"aligncenter\" title=\"Espalda tr\u00e1s una sesi\u00f3n de gua sha\" alt=\"Gua sha en la espalda\" src=\"http:\/\/www.masajetailandesvalladolid.com\/wp\/wp-content\/uploads\/2013\/12\/espalda_guasa-300x249.jpg\" width=\"300\" height=\"249\" \/><\/p>\n<p>Cuando desaparecen las manchas, puede hacerse otra sesi\u00f3n de gua sha.<\/p>\n<p>El gua sha se aplica sobre todo en la espalda (como reflejo de todos los \u00f3rganos y extremidades) aunque se puede aplicar sobre todo el cuerpo. Sobre la cara se conoce como gua sha facial, mas suave y on muy buenos efectos sobre la tersura y firmeza del rostro.<\/p>\n<p>&nbsp;<\/p>\n<p><a href=\"http:\/\/www.masajetailandesvalladolid.com\/wp\/wp-content\/uploads\/2013\/12\/Thai-Guasa-Center-back-pain-0894505042..jpg\"><img loading=\"lazy\" decoding=\"async\" class=\"aligncenter\" alt=\"Sesi\u00f3n de Gua sha en la espalda\" src=\"http:\/\/www.masajetailandesvalladolid.com\/wp\/wp-content\/uploads\/2013\/12\/Thai-Guasa-Center-back-pain-0894505042.-300x300.jpg\" width=\"300\" height=\"300\" \/><\/a><\/p>\n","protected":false},"excerpt":{"rendered":"<p>Gua sha es una t\u00e9cnica milenaria, extendida por varios pa\u00edses asi\u00e1ticos, y m\u00e1s recientemente, por todo el mundo, que consiste en frotar la piel con un instrumento suave (de cuerno de b\u00fafalo, jade, incluso una cuchara para sopa) para hacer que las toxinas salgan del cuerpo mejorando la salud general. Esta es la explicaci\u00f3n simple &hellip; <a href=\"https:\/\/thaiguashavalladolid.com\/\" class=\"more-link\">Continuar leyendo<span class=\"screen-reader-text\"> \u00abGua sha: miles de a\u00f1os de tradici\u00f3n\u00bb<\/span><\/a><\/p>\n","protected":false},"author":2,"featured_media":0,"parent":0,"menu_order":0,"comment_status":"open","ping_status":"open","template":"","meta":{"footnotes":""},"class_list":["post-23","page","type-page","status-publish","hentry"],"_links":{"self":[{"href":"https:\/\/thaiguashavalladolid.com\/index.php\/wp-json\/wp\/v2\/pages\/23","targetHints":{"allow":["GET"]}}],"collection":[{"href":"https:\/\/thaiguashavalladolid.com\/index.php\/wp-json\/wp\/v2\/pages"}],"about":[{"href":"https:\/\/thaiguashavalladolid.com\/index.php\/wp-json\/wp\/v2\/types\/page"}],"author":[{"embeddable":true,"href":"https:\/\/thaiguashavalladolid.com\/index.php\/wp-json\/wp\/v2\/users\/2"}],"replies":[{"embeddable":true,"href":"https:\/\/thaiguashavalladolid.com\/index.php\/wp-json\/wp\/v2\/comments?post=23"}],"version-history":[{"count":0,"href":"https:\/\/thaiguashavalladolid.com\/index.php\/wp-json\/wp\/v2\/pages\/23\/revisions"}],"wp:attachment":[{"href":"https:\/\/thaiguashavalladolid.com\/index.php\/wp-json\/wp\/v2\/media?parent=23"}],"curies":[{"name":"wp","href":"https:\/\/api.w.org\/{rel}","templated":true}]}}